{"id":3186,"date":"2023-09-12T11:03:15","date_gmt":"2023-09-12T14:03:15","guid":{"rendered":"https:\/\/dcd.crp.ufv.br\/?page_id=3186"},"modified":"2025-03-25T13:53:05","modified_gmt":"2025-03-25T16:53:05","slug":"bem-estar","status":"publish","type":"page","link":"https:\/\/dcd.crp.ufv.br\/?page_id=3186","title":{"rendered":"Bem-estar \/ TATUDOBEM!?"},"content":{"rendered":"\r\n<div class=\"wp-block-image\">\r\n<figure class=\"aligncenter is-resized\"><img loading=\"lazy\" decoding=\"async\" class=\"wp-image-3228\" src=\"https:\/\/dcd.crp.ufv.br\/wp-content\/uploads\/Tatudobem-1024x971.png\" alt=\"\" width=\"358\" height=\"339\" srcset=\"https:\/\/dcd.crp.ufv.br\/wp-content\/uploads\/Tatudobem-1024x971.png 1024w, https:\/\/dcd.crp.ufv.br\/wp-content\/uploads\/Tatudobem-300x285.png 300w, https:\/\/dcd.crp.ufv.br\/wp-content\/uploads\/Tatudobem-768x728.png 768w, https:\/\/dcd.crp.ufv.br\/wp-content\/uploads\/Tatudobem-316x300.png 316w\" sizes=\"auto, (max-width: 358px) 100vw, 358px\" \/><\/figure>\r\n<\/div>\r\n\r\n\r\n\r\n<p style=\"text-align: center;\">O projeto TaTudoBem prop\u00f5e dialogar de forma din\u00e2mica com a comunidade acad\u00eamica sobre os inc\u00f4modos emocionais ou relacionais vivenciados no cotidiano dentro da institui\u00e7\u00e3o, propondo a\u00e7\u00f5es que visam maximizar o bem-estar no campus UFV Rio Parana\u00edba. O projeto possui uma metodologia participativa que valoriza os conhecimentos e experi\u00eancias dos participantes, envolvendo-os na discuss\u00e3o, identifica\u00e7\u00e3o e busca de solu\u00e7\u00f5es para problemas que emergem de suas vidas cotidianas. Prop\u00f5e ainda uma forma de trabalho did\u00e1tico e pedag\u00f3gico baseado no prazer, na viv\u00eancia e na participa\u00e7\u00e3o em situa\u00e7\u00f5es reais e imagin\u00e1rias, onde atrav\u00e9s de t\u00e9cnicas de din\u00e2mica de grupo, jogos, atividades ao ar livre, palestras e outros, os participantes conseguem, por meio dessas intera\u00e7\u00f5es, trabalhar situa\u00e7\u00f5es concretas. Espera-se promover o bem-estar de forma agrad\u00e1vel e cont\u00ednua dentro do campus e tamb\u00e9m expandir rela\u00e7\u00f5es e troca de saberes com a comunidade externa.<\/p>\r\n\r\n\r\n\r\n<div class=\"wp-block-image\">\r\n<figure class=\"aligncenter is-resized\"><img loading=\"lazy\" decoding=\"async\" class=\"wp-image-3193\" src=\"https:\/\/dcd.crp.ufv.br\/wp-content\/uploads\/Banner-80x60-768x1024.jpg\" alt=\"\" width=\"443\" height=\"590\" srcset=\"https:\/\/dcd.crp.ufv.br\/wp-content\/uploads\/Banner-80x60-768x1024.jpg 768w, https:\/\/dcd.crp.ufv.br\/wp-content\/uploads\/Banner-80x60-225x300.jpg 225w\" sizes=\"auto, (max-width: 443px) 100vw, 443px\" \/><\/figure>\r\n<\/div>\r\n\r\n\r\n\r\n<figure class=\"wp-block-image\"><img loading=\"lazy\" decoding=\"async\" width=\"724\" height=\"1024\" class=\"wp-image-3194\" src=\"https:\/\/dcd.crp.ufv.br\/wp-content\/uploads\/Divulga\u00e7\u00e3o-Tatudobem-724x1024.jpg\" alt=\"\" srcset=\"https:\/\/dcd.crp.ufv.br\/wp-content\/uploads\/Divulga\u00e7\u00e3o-Tatudobem-724x1024.jpg 724w, https:\/\/dcd.crp.ufv.br\/wp-content\/uploads\/Divulga\u00e7\u00e3o-Tatudobem-212x300.jpg 212w, https:\/\/dcd.crp.ufv.br\/wp-content\/uploads\/Divulga\u00e7\u00e3o-Tatudobem-768x1086.jpg 768w\" sizes=\"auto, (max-width: 724px) 100vw, 724px\" \/><\/figure>\r\n\r\n\r\n\r\n<h4 class=\"wp-block-heading\" style=\"text-align: center;\">CONHE\u00c7A A TOCA<\/h4>\r\n\r\n\r\n\r\n<p style=\"text-align: center;\">A TOCA \u00e9 a nossa sala de bem-estar que fica localizada na DAC &#8211; Divis\u00e3o de Assuntos Comunit\u00e1rios, no final do corredor. A TOCA \u00e9 divida em 2 espa\u00e7os l\u00fadicos onde voc\u00ea encontra v\u00e1rias atividades recreativas para desenvolver sozinho(a) ou em grupos. Est\u00e3o dispon\u00edveis materiais de papelaria como l\u00e1pis de cor, tintas, pinc\u00e9is, papel, desenhos, massa de modelar, jogos de tabuleiro e videogame. A TOCA \u00e9 um espa\u00e7o em constru\u00e7\u00e3o aberto a toda comunidade acad\u00eamica. Sempre temos novidades.<\/p>\r\n\r\n\r\n\r\n<p style=\"text-align: center;\"><strong>Fa\u00e7a uma visita, seja um(a) frequentador(a) de nosso espa\u00e7o de bem-estar! <\/strong><\/p>\r\n\r\n\r\n\r\n<div class=\"wp-block-image\">\r\n<figure class=\"aligncenter is-resized\"><img loading=\"lazy\" decoding=\"async\" class=\"wp-image-3205\" src=\"https:\/\/dcd.crp.ufv.br\/wp-content\/uploads\/Imagem-do-WhatsApp-de-2023-05-23-\u00e0s-11.39.26-1024x576.jpg\" alt=\"\" width=\"484\" height=\"272\" srcset=\"https:\/\/dcd.crp.ufv.br\/wp-content\/uploads\/Imagem-do-WhatsApp-de-2023-05-23-\u00e0s-11.39.26-1024x576.jpg 1024w, https:\/\/dcd.crp.ufv.br\/wp-content\/uploads\/Imagem-do-WhatsApp-de-2023-05-23-\u00e0s-11.39.26-300x169.jpg 300w, https:\/\/dcd.crp.ufv.br\/wp-content\/uploads\/Imagem-do-WhatsApp-de-2023-05-23-\u00e0s-11.39.26-768x432.jpg 768w, https:\/\/dcd.crp.ufv.br\/wp-content\/uploads\/Imagem-do-WhatsApp-de-2023-05-23-\u00e0s-11.39.26-500x281.jpg 500w, https:\/\/dcd.crp.ufv.br\/wp-content\/uploads\/Imagem-do-WhatsApp-de-2023-05-23-\u00e0s-11.39.26.jpg 1599w\" sizes=\"auto, (max-width: 484px) 100vw, 484px\" \/>\r\n<figcaption>Atividades l\u00fadicas na TOCA<\/figcaption>\r\n<\/figure>\r\n<\/div>\r\n\r\n\r\n\r\n<div class=\"wp-block-image\">\r\n<figure class=\"aligncenter is-resized\"><img loading=\"lazy\" decoding=\"async\" class=\"wp-image-3220\" src=\"https:\/\/dcd.crp.ufv.br\/wp-content\/uploads\/Pintura-em-Aquarela-1-1024x576.jpg\" alt=\"\" width=\"358\" height=\"636\" \/>\r\n<figcaption>Pintura com Aquarela<\/figcaption>\r\n<\/figure>\r\n<\/div>\r\n\r\n\r\n\r\n<div class=\"wp-block-image\">\r\n<figure class=\"aligncenter is-resized\"><img loading=\"lazy\" decoding=\"async\" class=\"wp-image-3206\" src=\"https:\/\/dcd.crp.ufv.br\/wp-content\/uploads\/MVIMG_20230526_172640-1024x576.jpg\" alt=\"\" width=\"484\" height=\"272\" srcset=\"https:\/\/dcd.crp.ufv.br\/wp-content\/uploads\/MVIMG_20230526_172640-1024x576.jpg 1024w, https:\/\/dcd.crp.ufv.br\/wp-content\/uploads\/MVIMG_20230526_172640-300x169.jpg 300w, https:\/\/dcd.crp.ufv.br\/wp-content\/uploads\/MVIMG_20230526_172640-768x432.jpg 768w, https:\/\/dcd.crp.ufv.br\/wp-content\/uploads\/MVIMG_20230526_172640-500x281.jpg 500w\" sizes=\"auto, (max-width: 484px) 100vw, 484px\" \/>\r\n<figcaption>Jogos de tabuleiro<\/figcaption>\r\n<\/figure>\r\n<\/div>\r\n\r\n\r\n\r\n<div class=\"wp-block-image\">\r\n<figure class=\"aligncenter is-resized\"><img loading=\"lazy\" decoding=\"async\" class=\"wp-image-3207\" src=\"https:\/\/dcd.crp.ufv.br\/wp-content\/uploads\/MVIMG_20230831_131734-1024x576.jpg\" alt=\"\" width=\"496\" height=\"279\" srcset=\"https:\/\/dcd.crp.ufv.br\/wp-content\/uploads\/MVIMG_20230831_131734-1024x576.jpg 1024w, https:\/\/dcd.crp.ufv.br\/wp-content\/uploads\/MVIMG_20230831_131734-300x169.jpg 300w, https:\/\/dcd.crp.ufv.br\/wp-content\/uploads\/MVIMG_20230831_131734-768x432.jpg 768w, https:\/\/dcd.crp.ufv.br\/wp-content\/uploads\/MVIMG_20230831_131734-500x281.jpg 500w\" sizes=\"auto, (max-width: 496px) 100vw, 496px\" \/>\r\n<figcaption>Videogame retr\u00f4<\/figcaption>\r\n<\/figure>\r\n<\/div>\r\n\r\n\r\n\r\n<h4 class=\"wp-block-heading\" style=\"text-align: center;\">M\u00c9RITO TATUDOBEM<\/h4>\r\n\r\n\r\n\r\n<p style=\"text-align: center;\">O m\u00e9rito TATUDOBEM \u00e9 concedido \u00e0queles que prestaram servi\u00e7os volunt\u00e1rios com dedica\u00e7\u00e3o e alegria no projeto durante o semestre. Qualquer membro da comunidade acad\u00eamica ou externa pode ser agraciado com essa honraria, que representa nosso reconhecimento e gratid\u00e3o por toda colabora\u00e7\u00e3o em prol do crescimento e do bem-estar de nossa universidade.<\/p>\r\n\r\n\r\n\r\n<div class=\"wp-block-image\">\r\n<figure class=\"aligncenter is-resized\"><img loading=\"lazy\" decoding=\"async\" class=\"wp-image-3208\" src=\"https:\/\/dcd.crp.ufv.br\/wp-content\/uploads\/MVIMG_20230710_150304-1024x576.jpg\" alt=\"\" width=\"494\" height=\"278\" srcset=\"https:\/\/dcd.crp.ufv.br\/wp-content\/uploads\/MVIMG_20230710_150304-1024x576.jpg 1024w, https:\/\/dcd.crp.ufv.br\/wp-content\/uploads\/MVIMG_20230710_150304-300x169.jpg 300w, https:\/\/dcd.crp.ufv.br\/wp-content\/uploads\/MVIMG_20230710_150304-768x432.jpg 768w, https:\/\/dcd.crp.ufv.br\/wp-content\/uploads\/MVIMG_20230710_150304-500x281.jpg 500w\" sizes=\"auto, (max-width: 494px) 100vw, 494px\" \/>\r\n<figcaption>Primeiros Medalhistas do M\u00e9rito TaTudoBem e o Mascote do Projeto<\/figcaption>\r\n<\/figure>\r\n<\/div>\r\n\r\n\r\n\r\n<div class=\"wp-block-image\">\r\n<figure class=\"aligncenter is-resized\"><img loading=\"lazy\" decoding=\"async\" class=\"wp-image-3210\" src=\"https:\/\/dcd.crp.ufv.br\/wp-content\/uploads\/medalha-1024x576.jpg\" alt=\"\" width=\"264\" height=\"470\" \/>\r\n<figcaption>Medalha do M\u00e9rito TaTudoBem<\/figcaption>\r\n<\/figure>\r\n<\/div>\r\n\r\n\r\n\r\n<h4 class=\"wp-block-heading\" style=\"text-align: center;\">EVENTOS<\/h4>\r\n\r\n\r\n\r\n<p style=\"text-align: center;\">Acompanhe tamb\u00e9m nossos eventos que sempre s\u00e3o divulgados pelo Instagram nas contas<a href=\"https:\/\/www.instagram.com\/tatudobemcrp\/\">@tatudobemCRP<\/a> e <a href=\"https:\/\/www.instagram.com\/ufv.crp\/\">@ufv.crp<\/a>. A maioria de nossos eventos s\u00e3o abertos ao p\u00fablico externo e \u00e9 sempre um prazer receb\u00ea-los aqui na universidade!<\/p>\r\n\r\n\r\n\r\n<div class=\"wp-block-image\">\r\n<figure class=\"aligncenter is-resized\"><img loading=\"lazy\" decoding=\"async\" class=\"wp-image-3214\" src=\"https:\/\/dcd.crp.ufv.br\/wp-content\/uploads\/Arraia-RU-1-1024x576.jpg\" alt=\"\" width=\"482\" height=\"271\" srcset=\"https:\/\/dcd.crp.ufv.br\/wp-content\/uploads\/Arraia-RU-1-1024x576.jpg 1024w, https:\/\/dcd.crp.ufv.br\/wp-content\/uploads\/Arraia-RU-1-300x169.jpg 300w, https:\/\/dcd.crp.ufv.br\/wp-content\/uploads\/Arraia-RU-1-768x432.jpg 768w, https:\/\/dcd.crp.ufv.br\/wp-content\/uploads\/Arraia-RU-1-500x281.jpg 500w\" sizes=\"auto, (max-width: 482px) 100vw, 482px\" \/>\r\n<figcaption>Arrai\u00e1 no RU<\/figcaption>\r\n<\/figure>\r\n<\/div>\r\n\r\n\r\n\r\n<div class=\"wp-block-image\">\r\n<figure class=\"aligncenter is-resized\"><img loading=\"lazy\" decoding=\"async\" class=\"wp-image-3215\" src=\"https:\/\/dcd.crp.ufv.br\/wp-content\/uploads\/astronomia-2-1-1024x576.jpg\" alt=\"\" width=\"489\" height=\"275\" srcset=\"https:\/\/dcd.crp.ufv.br\/wp-content\/uploads\/astronomia-2-1-1024x576.jpg 1024w, https:\/\/dcd.crp.ufv.br\/wp-content\/uploads\/astronomia-2-1-300x169.jpg 300w, https:\/\/dcd.crp.ufv.br\/wp-content\/uploads\/astronomia-2-1-768x432.jpg 768w, https:\/\/dcd.crp.ufv.br\/wp-content\/uploads\/astronomia-2-1-500x281.jpg 500w\" sizes=\"auto, (max-width: 489px) 100vw, 489px\" \/>\r\n<figcaption>Observa\u00e7\u00e3o Astron\u00f4mica<\/figcaption>\r\n<\/figure>\r\n<\/div>\r\n\r\n\r\n\r\n<div class=\"wp-block-image\">\r\n<figure class=\"aligncenter is-resized\"><img loading=\"lazy\" decoding=\"async\" class=\"wp-image-3216\" src=\"https:\/\/dcd.crp.ufv.br\/wp-content\/uploads\/EVENTO-LGBTQIA2-1024x576.jpg\" alt=\"\" width=\"497\" height=\"279\" srcset=\"https:\/\/dcd.crp.ufv.br\/wp-content\/uploads\/EVENTO-LGBTQIA2-1024x576.jpg 1024w, https:\/\/dcd.crp.ufv.br\/wp-content\/uploads\/EVENTO-LGBTQIA2-300x169.jpg 300w, https:\/\/dcd.crp.ufv.br\/wp-content\/uploads\/EVENTO-LGBTQIA2-768x432.jpg 768w, https:\/\/dcd.crp.ufv.br\/wp-content\/uploads\/EVENTO-LGBTQIA2-500x281.jpg 500w, https:\/\/dcd.crp.ufv.br\/wp-content\/uploads\/EVENTO-LGBTQIA2.jpg 1599w\" sizes=\"auto, (max-width: 497px) 100vw, 497px\" \/>\r\n<figcaption>Exposi\u00e7\u00e3o de arte LGBTQIA+<br \/><br \/><\/figcaption>\r\n<\/figure>\r\n<\/div>\r\n\r\n\r\n\r\n<div class=\"wp-block-image\">\r\n<figure class=\"aligncenter is-resized\"><img loading=\"lazy\" decoding=\"async\" class=\"wp-image-3217\" src=\"https:\/\/dcd.crp.ufv.br\/wp-content\/uploads\/Medita\u00e7\u00e3o-1024x576.jpg\" alt=\"\" width=\"500\" height=\"281\" srcset=\"https:\/\/dcd.crp.ufv.br\/wp-content\/uploads\/Medita\u00e7\u00e3o-1024x576.jpg 1024w, https:\/\/dcd.crp.ufv.br\/wp-content\/uploads\/Medita\u00e7\u00e3o-300x169.jpg 300w, https:\/\/dcd.crp.ufv.br\/wp-content\/uploads\/Medita\u00e7\u00e3o-768x432.jpg 768w, https:\/\/dcd.crp.ufv.br\/wp-content\/uploads\/Medita\u00e7\u00e3o-500x281.jpg 500w\" sizes=\"auto, (max-width: 500px) 100vw, 500px\" \/>\r\n<figcaption>Medita\u00e7\u00e3o<br \/><br \/><\/figcaption>\r\n<\/figure>\r\n<\/div>\r\n\r\n\r\n\r\n<div class=\"wp-block-image\">\r\n<figure class=\"aligncenter is-resized\"><img loading=\"lazy\" decoding=\"async\" class=\"wp-image-3231\" src=\"https:\/\/dcd.crp.ufv.br\/wp-content\/uploads\/pngwing.com-40.png\" alt=\"\" width=\"97\" height=\"104\" srcset=\"https:\/\/dcd.crp.ufv.br\/wp-content\/uploads\/pngwing.com-40.png 660w, https:\/\/dcd.crp.ufv.br\/wp-content\/uploads\/pngwing.com-40-281x300.png 281w\" sizes=\"auto, (max-width: 97px) 100vw, 97px\" \/>\r\n<figcaption><strong><a href=\"https:\/\/wa.me\/message\/MWRAEQBAIAJOE1 \">(34) 3855-9309<\/a><\/strong><\/figcaption>\r\n<\/figure>\r\n<\/div>\r\n\r\n\r\n\r\n<p style=\"text-align: center;\">COORDENA\u00c7\u00c3O: Thamires Sousa Martins<\/p>\r\n","protected":false},"excerpt":{"rendered":"<p>O projeto TaTudoBem prop\u00f5e dialogar de forma din\u00e2mica com a comunidade acad\u00eamica sobre os inc\u00f4modos emocionais ou relacionais vivenciados no cotidiano dentro da institui\u00e7\u00e3o, propondo a\u00e7\u00f5es que visam maximizar o bem-estar no campus UFV Rio Parana\u00edba. O projeto possui uma metodologia participativa que valoriza os conhecimentos e experi\u00eancias dos participantes, envolvendo-os na discuss\u00e3o, identifica\u00e7\u00e3o e [&hellip;]<\/p>\n","protected":false},"author":1,"featured_media":0,"parent":0,"menu_order":0,"comment_status":"closed","ping_status":"closed","template":"","meta":{"footnotes":""},"class_list":["post-3186","page","type-page","status-publish","hentry"],"_links":{"self":[{"href":"https:\/\/dcd.crp.ufv.br\/index.php?rest_route=\/wp\/v2\/pages\/3186","targetHints":{"allow":["GET"]}}],"collection":[{"href":"https:\/\/dcd.crp.ufv.br\/index.php?rest_route=\/wp\/v2\/pages"}],"about":[{"href":"https:\/\/dcd.crp.ufv.br\/index.php?rest_route=\/wp\/v2\/types\/page"}],"author":[{"embeddable":true,"href":"https:\/\/dcd.crp.ufv.br\/index.php?rest_route=\/wp\/v2\/users\/1"}],"replies":[{"embeddable":true,"href":"https:\/\/dcd.crp.ufv.br\/index.php?rest_route=%2Fwp%2Fv2%2Fcomments&post=3186"}],"version-history":[{"count":32,"href":"https:\/\/dcd.crp.ufv.br\/index.php?rest_route=\/wp\/v2\/pages\/3186\/revisions"}],"predecessor-version":[{"id":3372,"href":"https:\/\/dcd.crp.ufv.br\/index.php?rest_route=\/wp\/v2\/pages\/3186\/revisions\/3372"}],"wp:attachment":[{"href":"https:\/\/dcd.crp.ufv.br\/index.php?rest_route=%2Fwp%2Fv2%2Fmedia&parent=3186"}],"curies":[{"name":"wp","href":"https:\/\/api.w.org\/{rel}","templated":true}]}}