{"id":868,"date":"2014-11-14T15:23:45","date_gmt":"2014-11-14T18:23:45","guid":{"rendered":"https:\/\/dcd.crp.ufv.br\/?page_id=868"},"modified":"2025-10-30T16:39:57","modified_gmt":"2025-10-30T19:39:57","slug":"saude","status":"publish","type":"page","link":"https:\/\/dcd.crp.ufv.br\/?page_id=868","title":{"rendered":"Servi\u00e7o de Sa\u00fade"},"content":{"rendered":"<p style=\"text-align: justify;\" align=\"JUSTIFY\">O servi\u00e7o de Sa\u00fade da UFV- <em>Campus<\/em> Rio Parana\u00edba conta com uma m\u00e9dica, uma enfermeira e uma t\u00e9cnica em enfermagem.\u00a0<\/p>\r\n<p style=\"text-align: justify;\" align=\"JUSTIFY\">As a\u00e7\u00f5es de sa\u00fade s\u00e3o desenvolvidas no \u00e2mbito individual e coletivo e abrangem a promo\u00e7\u00e3o, preven\u00e7\u00e3o e manuten\u00e7\u00e3o \u00e0 sa\u00fade.<\/p>\r\n<p style=\"text-align: justify;\" align=\"JUSTIFY\">Usamos como estrat\u00e9gias, campanhas, murais expositivos e redes sociais na veicula\u00e7\u00e3o das atividades com vistas em fatores de promo\u00e7\u00e3o a sa\u00fade.<\/p>\r\n<p align=\"JUSTIFY\">Contato: Tel. (34) 3855-9324\/9393 &#8211; Salas RU &#8211; 09 e RU &#8211; 10.<\/p>\r\n<p align=\"JUSTIFY\">E-mails: sidinara.colle@ufv.br; aline.almeida.silva@ufv.br e ivonece@ufv.br.\u00a0<\/p>\r\n<p align=\"JUSTIFY\">\u00a0<\/p>\r\n<p align=\"JUSTIFY\"><span style=\"color: #000080;\"><strong>SERVI\u00c7O DE ENFERMAGEM: <\/strong><\/span><\/p>\r\n<p align=\"JUSTIFY\"><span style=\"color: #000080;\"><strong>Aline Geisy de Almeida Silva, hor\u00e1rio de atendimento: 08h00 \u00e0s 14h00, de segunda a sexta-feira.<\/strong><\/span><\/p>\r\n<p align=\"JUSTIFY\"><span style=\"color: #000080;\"><strong>Ivonece Adriana Elias, hor\u00e1rio de atendimento: 07h30 \u00e0s 13h30h, de segunda a sexta-feira.<\/strong><\/span><\/p>\r\n<p align=\"JUSTIFY\">\u00a0<\/p>\r\n<p align=\"JUSTIFY\"><span style=\"color: #000080;\"><strong>M\u00c9DICA:<\/strong><\/span><\/p>\r\n<p align=\"JUSTIFY\"><span style=\"color: #000080;\"><strong>Sidinara Colle<\/strong><\/span><\/p>\r\n<p align=\"JUSTIFY\"><span style=\"color: #000080;\"><strong>Hor\u00e1rios de atendimento:<\/strong><\/span><\/p>\r\n<p align=\"JUSTIFY\"><span style=\"color: #000080;\"><strong>Segunda-feira: 10h30 \u00e0s 12h e de 13h \u00e0s 20h30.<\/strong><\/span><\/p>\r\n<p align=\"JUSTIFY\"><span style=\"color: #000080;\"><strong>Ter\u00e7a-feira: 07h \u00e0s 12h e de 13h \u00e0s 19h.<\/strong><\/span><\/p>\r\n<p align=\"JUSTIFY\"><strong><span style=\"color: #000080;\">AGENDAMENTO DE CONSULTA:\u00a0<\/span><\/strong> <span style=\"color: #0000ff;\"><a style=\"color: #0000ff;\" href=\"https:\/\/atendimentos.crp.ufv.br\/Web\/?\">atendimentos.crp.ufv.br<\/a><br \/><\/span><\/p>\r\n<p>&nbsp;<\/p>\r\n<p>&nbsp;<\/p>\r\n<pre>             \u00a0\u00a0\u00a0\u00a0\u00a0\u00a0\u00a0\u00a0\u00a0\u00a0\u00a0\u00a0\u00a0\u00a0\u00a0\u00a0\u00a0\u00a0\u00a0\u00a0\u00a0\u00a0\u00a0\u00a0\u00a0\u00a0\u00a0\u00a0\u00a0\u00a0\u00a0\u00a0\u00a0\u00a0\u00a0\u00a0\u00a0\u00a0\u00a0\u00a0\u00a0\u00a0\u00a0\u00a0\u00a0\u00a0\u00a0\u00a0\u00a0\u00a0\u00a0\u00a0\u00a0\u00a0\u00a0\u00a0<\/pre>\r\n<p>&nbsp;<\/p>\r\n<p>&nbsp;<\/p>\r\n<p>&nbsp;<\/p>\r\n<p>&nbsp;<\/p>\r\n<p>&nbsp;<\/p>\r\n<p style=\"text-align: right;\">\u00a0<\/p>\r\n<p style=\"text-align: right;\">\u00a0<\/p>\r\n<h3>\u00a0\u00a0\u00a0\u00a0\u00a0\u00a0\u00a0\u00a0\u00a0\u00a0\u00a0\u00a0\u00a0\u00a0\u00a0\u00a0\u00a0\u00a0\u00a0\u00a0\u00a0\u00a0\u00a0\u00a0\u00a0\u00a0\u00a0\u00a0\u00a0\u00a0\u00a0\u00a0\u00a0\u00a0\u00a0\u00a0\u00a0\u00a0\u00a0\u00a0\u00a0\u00a0\u00a0\u00a0\u00a0\u00a0\u00a0\u00a0\u00a0\u00a0\u00a0\u00a0\u00a0\u00a0\u00a0\u00a0\u00a0\u00a0\u00a0\u00a0\u00a0\u00a0\u00a0\u00a0\u00a0\u00a0\u00a0\u00a0\u00a0\u00a0\u00a0\u00a0\u00a0\u00a0\u00a0\u00a0\u00a0\u00a0 \u00a0 \u00a0 \u00a0 \u00a0 \u00a0 \u00a0\u00a0 \u00a0 \u00a0<\/h3>\r\n<p style=\"text-align: right;\">\u00a0<\/p>\r\n<p style=\"text-align: right;\">\u00a0<\/p>\r\n\r\n<p>&nbsp;<\/p>\r\n","protected":false},"excerpt":{"rendered":"<p>O servi\u00e7o de Sa\u00fade da UFV- Campus Rio Parana\u00edba conta com uma m\u00e9dica, uma enfermeira e uma t\u00e9cnica em enfermagem.\u00a0 As a\u00e7\u00f5es de sa\u00fade s\u00e3o desenvolvidas no \u00e2mbito individual e coletivo e abrangem a promo\u00e7\u00e3o, preven\u00e7\u00e3o e manuten\u00e7\u00e3o \u00e0 sa\u00fade. Usamos como estrat\u00e9gias, campanhas, murais expositivos e redes sociais na veicula\u00e7\u00e3o das atividades com vistas [&hellip;]<\/p>\n","protected":false},"author":4,"featured_media":0,"parent":0,"menu_order":0,"comment_status":"closed","ping_status":"open","template":"","meta":{"footnotes":""},"class_list":["post-868","page","type-page","status-publish","hentry"],"_links":{"self":[{"href":"https:\/\/dcd.crp.ufv.br\/index.php?rest_route=\/wp\/v2\/pages\/868","targetHints":{"allow":["GET"]}}],"collection":[{"href":"https:\/\/dcd.crp.ufv.br\/index.php?rest_route=\/wp\/v2\/pages"}],"about":[{"href":"https:\/\/dcd.crp.ufv.br\/index.php?rest_route=\/wp\/v2\/types\/page"}],"author":[{"embeddable":true,"href":"https:\/\/dcd.crp.ufv.br\/index.php?rest_route=\/wp\/v2\/users\/4"}],"replies":[{"embeddable":true,"href":"https:\/\/dcd.crp.ufv.br\/index.php?rest_route=%2Fwp%2Fv2%2Fcomments&post=868"}],"version-history":[{"count":117,"href":"https:\/\/dcd.crp.ufv.br\/index.php?rest_route=\/wp\/v2\/pages\/868\/revisions"}],"predecessor-version":[{"id":3412,"href":"https:\/\/dcd.crp.ufv.br\/index.php?rest_route=\/wp\/v2\/pages\/868\/revisions\/3412"}],"wp:attachment":[{"href":"https:\/\/dcd.crp.ufv.br\/index.php?rest_route=%2Fwp%2Fv2%2Fmedia&parent=868"}],"curies":[{"name":"wp","href":"https:\/\/api.w.org\/{rel}","templated":true}]}}