{"id":934,"date":"2016-05-23T14:08:39","date_gmt":"2016-05-23T17:08:39","guid":{"rendered":"https:\/\/dcd.crp.ufv.br\/?page_id=934"},"modified":"2025-01-29T13:27:47","modified_gmt":"2025-01-29T16:27:47","slug":"seguro-escolar","status":"publish","type":"page","link":"https:\/\/dcd.crp.ufv.br\/?page_id=934","title":{"rendered":"Seguro Estudantil"},"content":{"rendered":"<p align=\"JUSTIFY\">Os estudantes de gradua\u00e7\u00e3o, regularmente matriculados na Universidade Federal de Vi\u00e7osa contam com a cobertura de um seguro estudantil que pode ser acionado em caso de <b>acidente <\/b>pessoal<b>,<\/b> invalidez e morte.<\/p>\n<p>A cobertura deste seguro compreende:<\/p>\n<p>&#8211; Morte acidental: R$10.000,00 (dez mil reais)<\/p>\n<p>&#8211; Invalidez permanente total ou parcial por acidente: at\u00e9 R$10.000,00 (dez mil reais).<\/p>\n<p>&#8211; Despesas m\u00e9dicas, hospitalares e odontol\u00f3gicas, em decorr\u00eancia direta de acidente pessoal coberto: at\u00e9 R$10.000,00 (dez mil reais), mediante apresenta\u00e7\u00e3o obrigat\u00f3ria de notas fiscais.<\/p>\n<p>&#8211; Aux\u00edlio funeral: at\u00e9 R$10.000,00 (dez mil reais), mediante apresenta\u00e7\u00e3o obrigat\u00f3ria de notas fiscais.<\/p>\n<p align=\"JUSTIFY\">O seguro cobrir\u00e1 tamb\u00e9m, acidentes com produtos qu\u00edmicos nas depend\u00eancias da UFV, aux\u00edlio funeral completo, em caso de morte por acidente, contemplando o translado do corpo em todo o territ\u00f3rio nacional, dentro dos valores estabelecidos.<\/p>\n<p align=\"JUSTIFY\">O Seguro Estudantil <b>reembolsa<\/b> para o estudante (familiar ou respons\u00e1vel) os custos financeiros dispendidos nos casos citados acima, mediante abertura de sinistro na seguradora, at\u00e9 o limite do contrato.<\/p>\n<p align=\"JUSTIFY\">A Seguradora n\u00e3o oferece rede credenciada para atendimento. Sendo assim, o\/a estudante deve procurar o atendimento que necessite; solicitar as notas fiscais; relat\u00f3rios m\u00e9dicos e registrar Boletim de Ocorr\u00eancia Policial (se for o caso) para a comprova\u00e7\u00e3o dos servi\u00e7os utilizados, n\u00e3o precisando comunicar previamente a UFV.<\/p>\n<p align=\"JUSTIFY\">Empresa: MBM Seguradora S.A.<\/p>\n<p align=\"JUSTIFY\">Ap\u00f3lice: 18.0982.56420.001<\/p>\n<p align=\"JUSTIFY\">Vig\u00eancia: \u00a017\/01\/2025 a 17\/01\/2026.<\/p>\n<p align=\"JUSTIFY\"><strong>Informa\u00e7\u00f5es adicionais poder\u00e3o ser obtidas pelo SAC da empresa seguradora, conforme se segue:\u00a0<\/strong><\/p>\n<p align=\"JUSTIFY\"><strong>Telefones:<\/strong> 0800 5412555 ou\u00a0 (51) 3216 2599<\/p>\n<p align=\"JUSTIFY\">Ouvidoria: 0800 7031989<\/p>\n<p align=\"JUSTIFY\"><strong>E-mail: <\/strong>sac@mbmseguros.com.br<\/p>\n<p align=\"JUSTIFY\"><b>Site: <a href=\"https:\/\/mbmseguros.com.br\/sinistro-ou-resgate\/\" target=\"_blank\" rel=\"noopener noreferrer\">MBM Seguradora<\/a><\/b><\/p>\n<p align=\"JUSTIFY\"><a href=\"https:\/\/dcd.crp.ufv.br\/wp-content\/uploads\/Apolice-2025.pdf\">Anexo Ap\u00f3lice Seguro 2025<\/a><\/p>\n<p align=\"JUSTIFY\">Pr\u00f3-Reitoria de Assuntos Comunit\u00e1rios<\/p>\n<p align=\"JUSTIFY\"><strong>Telefone:<\/strong> (31) 3612-1806<\/p>\n<p align=\"JUSTIFY\">Hor\u00e1rio de\u00a0 atendimento:\u00a0 14h \u00e0s 18h.<\/p>\n\n\n<p><\/p>\n","protected":false},"excerpt":{"rendered":"<p>Os estudantes de gradua\u00e7\u00e3o, regularmente matriculados na Universidade Federal de Vi\u00e7osa contam com a cobertura de um seguro estudantil que pode ser acionado em caso de acidente pessoal, invalidez e morte. A cobertura deste seguro compreende: &#8211; Morte acidental: R$10.000,00 (dez mil reais) &#8211; Invalidez permanente total ou parcial por acidente: at\u00e9 R$10.000,00 (dez mil [&hellip;]<\/p>\n","protected":false},"author":4,"featured_media":0,"parent":0,"menu_order":0,"comment_status":"closed","ping_status":"closed","template":"","meta":{"footnotes":""},"class_list":["post-934","page","type-page","status-publish","hentry"],"_links":{"self":[{"href":"https:\/\/dcd.crp.ufv.br\/index.php?rest_route=\/wp\/v2\/pages\/934","targetHints":{"allow":["GET"]}}],"collection":[{"href":"https:\/\/dcd.crp.ufv.br\/index.php?rest_route=\/wp\/v2\/pages"}],"about":[{"href":"https:\/\/dcd.crp.ufv.br\/index.php?rest_route=\/wp\/v2\/types\/page"}],"author":[{"embeddable":true,"href":"https:\/\/dcd.crp.ufv.br\/index.php?rest_route=\/wp\/v2\/users\/4"}],"replies":[{"embeddable":true,"href":"https:\/\/dcd.crp.ufv.br\/index.php?rest_route=%2Fwp%2Fv2%2Fcomments&post=934"}],"version-history":[{"count":30,"href":"https:\/\/dcd.crp.ufv.br\/index.php?rest_route=\/wp\/v2\/pages\/934\/revisions"}],"predecessor-version":[{"id":3341,"href":"https:\/\/dcd.crp.ufv.br\/index.php?rest_route=\/wp\/v2\/pages\/934\/revisions\/3341"}],"wp:attachment":[{"href":"https:\/\/dcd.crp.ufv.br\/index.php?rest_route=%2Fwp%2Fv2%2Fmedia&parent=934"}],"curies":[{"name":"wp","href":"https:\/\/api.w.org\/{rel}","templated":true}]}}