{"id":2600,"date":"2019-12-09T10:21:26","date_gmt":"2019-12-09T13:21:26","guid":{"rendered":"https:\/\/dcd.crp.ufv.br\/ss\/?page_id=2600"},"modified":"2026-02-03T13:16:13","modified_gmt":"2026-02-03T16:16:13","slug":"disponivel01","status":"publish","type":"page","link":"https:\/\/dcd.crp.ufv.br\/ss\/?page_id=2600","title":{"rendered":"Modalidades"},"content":{"rendered":"\r\n<p>Os Aux\u00edlios e Servi\u00e7os da Assist\u00eancia Estudantil da Universidade Federal de Vi\u00e7osa (UFV) integram a pol\u00edtica institucional para a perman\u00eancia de estudantes, mediante an\u00e1lise socioecon\u00f4mica, nas seguintes modalidades:<br \/><br \/><\/p>\r\n<h4><strong>Servi\u00e7o Alimenta\u00e7\u00e3o <\/strong><\/h4>\r\n<p data-start=\"776\" data-end=\"803\">(<a href=\"https:\/\/www2.dti.ufv.br\/noticias\/files\/anexos\/1638378858.pdf\">Conforme Resolu\u00e7\u00e3o Consu n\u00ba 13\/2021<\/a>)<\/p>\r\n<ul>\r\n<li><strong>Faixa 1 \u2013 100% de subs\u00eddio<\/strong><br data-start=\"835\" data-end=\"838\" \/>Gratuidade das refei\u00e7\u00f5es servidas no Restaurante Universit\u00e1rio.<\/li>\r\n<li><strong>Faixa 2 \u2013 75% de subs\u00eddio<\/strong><br data-start=\"935\" data-end=\"938\" \/>Subs\u00eddio do valor unit\u00e1rio das refei\u00e7\u00f5es servidas no Restaurante Universit\u00e1rio.<\/li>\r\n<\/ul>\r\n<h4 data-start=\"1069\" data-end=\"1096\"><strong>Aux\u00edlio Alimenta\u00e7\u00e3o<\/strong><\/h4>\r\n<ul>\r\n<li>Recurso financeiro destinado a contribuir com as despesas de alimenta\u00e7\u00e3o de estudantes que apresentem laudos ou exames m\u00e9dicos, os quais atestem condi\u00e7\u00e3o de sa\u00fade que impe\u00e7a o consumo integral das refei\u00e7\u00f5es no Restaurante Universit\u00e1rio.<\/li>\r\n<\/ul>\r\n<h4 data-start=\"1272\" data-end=\"1295\"><strong>Aux\u00edlio-moradia<\/strong><\/h4>\r\n<ul>\r\n<li>Recurso financeiro, no valor de R$340,00 (trezentos e quarenta reais), destinado a contribuir com o pagamento de aluguel de im\u00f3vel ou pensionato.<\/li>\r\n<\/ul>\r\n<p><strong>Observa\u00e7\u00e3o: <\/strong>O Servi\u00e7o Moradia n\u00e3o \u00e9 ofertado no Campus Rio Parana\u00edba, por n\u00e3o possuir unidade de moradia estudantil.<\/p>\r\n<h4 data-start=\"1391\" data-end=\"1420\"><strong>Aux\u00edlio-parentalidade<\/strong><\/h4>\r\n<ul>\r\n<li>Recurso financeiro, no valor de R$370,00 (trezentos e setenta reais), concedido a estudantes de gradua\u00e7\u00e3o que possuam filhos com idade entre 0 e 5 anos, 11 meses e 29 dias, desde que residam com o discente, com a finalidade de auxiliar nas despesas relacionadas aos cuidados infantis.<\/li>\r\n<\/ul>\r\n<h4 data-start=\"1656\" data-end=\"1683\"><strong>Aux\u00edlio Emergencial<\/strong><\/h4>\r\n<ul>\r\n<li>Recurso financeiro destinado a auxiliar no custeio de despesas emergenciais e transit\u00f3rias, decorrentes de situa\u00e7\u00f5es imprevistas que comprometam a perman\u00eancia do estudante na Universidade.<\/li>\r\n<\/ul>\r\n<h4 data-start=\"1874\" data-end=\"1932\"><strong>Bolsa de Aprendizagem e Aprimoramento Profissional<\/strong><\/h4>\r\n<ul>\r\n<li>Recurso financeiro, no valor de R$210,00 (duzentos e dez reais), concedido para o desenvolvimento de atividades acad\u00eamicas ou administrativas nos diversos setores da UFV, com carga hor\u00e1ria de aproximadamente 8h semanais (32h mensais).<br \/><br \/><br \/><\/li>\r\n<\/ul>\r\n\r\n\r\n\r\n<p>&nbsp;<\/p>\r\n\r\n\r\n\r\n<p>&nbsp;<\/p>\r\n\r\n\r\n\r\n<p>&nbsp;<\/p>\r\n\r\n\r\n\r\n<p>&nbsp;<\/p>\r\n","protected":false},"excerpt":{"rendered":"<p>Os Aux\u00edlios e Servi\u00e7os da Assist\u00eancia Estudantil da Universidade Federal de Vi\u00e7osa (UFV) integram a pol\u00edtica institucional para a perman\u00eancia de estudantes, mediante an\u00e1lise socioecon\u00f4mica, nas seguintes modalidades: Servi\u00e7o Alimenta\u00e7\u00e3o (Conforme Resolu\u00e7\u00e3o Consu n\u00ba 13\/2021) Faixa 1 \u2013 100% de subs\u00eddioGratuidade das refei\u00e7\u00f5es servidas no Restaurante Universit\u00e1rio. Faixa 2 \u2013 75% de subs\u00eddioSubs\u00eddio do valor [&hellip;]<\/p>\n","protected":false},"author":1,"featured_media":0,"parent":0,"menu_order":0,"comment_status":"closed","ping_status":"closed","template":"","meta":{"h5ap_radio_sources":[],"footnotes":""},"class_list":["post-2600","page","type-page","status-publish","hentry"],"_links":{"self":[{"href":"https:\/\/dcd.crp.ufv.br\/ss\/index.php?rest_route=\/wp\/v2\/pages\/2600","targetHints":{"allow":["GET"]}}],"collection":[{"href":"https:\/\/dcd.crp.ufv.br\/ss\/index.php?rest_route=\/wp\/v2\/pages"}],"about":[{"href":"https:\/\/dcd.crp.ufv.br\/ss\/index.php?rest_route=\/wp\/v2\/types\/page"}],"author":[{"embeddable":true,"href":"https:\/\/dcd.crp.ufv.br\/ss\/index.php?rest_route=\/wp\/v2\/users\/1"}],"replies":[{"embeddable":true,"href":"https:\/\/dcd.crp.ufv.br\/ss\/index.php?rest_route=%2Fwp%2Fv2%2Fcomments&post=2600"}],"version-history":[{"count":27,"href":"https:\/\/dcd.crp.ufv.br\/ss\/index.php?rest_route=\/wp\/v2\/pages\/2600\/revisions"}],"predecessor-version":[{"id":3319,"href":"https:\/\/dcd.crp.ufv.br\/ss\/index.php?rest_route=\/wp\/v2\/pages\/2600\/revisions\/3319"}],"wp:attachment":[{"href":"https:\/\/dcd.crp.ufv.br\/ss\/index.php?rest_route=%2Fwp%2Fv2%2Fmedia&parent=2600"}],"curies":[{"name":"wp","href":"https:\/\/api.w.org\/{rel}","templated":true}]}}