{"id":2602,"date":"2019-12-09T10:21:41","date_gmt":"2019-12-09T13:21:41","guid":{"rendered":"https:\/\/dcd.crp.ufv.br\/ss\/?page_id=2602"},"modified":"2026-01-29T13:29:57","modified_gmt":"2026-01-29T16:29:57","slug":"disponivel02","status":"publish","type":"page","link":"https:\/\/dcd.crp.ufv.br\/ss\/?page_id=2602","title":{"rendered":"Como Solicitar"},"content":{"rendered":"\r\n<p>Os Aux\u00edlios e Servi\u00e7o da Assist\u00eancia Estudantil s\u00e3o concedidos pela Universidade Federal de Vi\u00e7osa, por interm\u00e9dio da Pr\u00f3-Reitoria de Assuntos Comunit\u00e1rios, mediante an\u00e1lise socioecon\u00f4mica realizada por assistentes sociais, aos estudantes regularmente matriculados em cursos presenciais de gradua\u00e7\u00e3o.<\/p>\r\n\r\n\r\n\r\n<p>O estudante interessado em concorrer aos benef\u00edcios dever\u00e1:<\/p>\r\n<ul data-start=\"2871\" data-end=\"3036\">\r\n<li data-start=\"2871\" data-end=\"2928\">Preencher o <a href=\"https:\/\/docs.google.com\/forms\/d\/e\/1FAIpQLSfXZTL4RHn3APRDqBGKZMsxLWPNqqD4AHc7dgUDcjPjqfTnWQ\/viewform\"><strong data-start=\"2885\" data-end=\"2925\">Formul\u00e1rio para An\u00e1lise Socioecon\u00f4mica<\/strong><\/a>;<\/li>\r\n<li data-start=\"2929\" data-end=\"3036\">Anexar a <strong data-start=\"2940\" data-end=\"2970\">documenta\u00e7\u00e3o comprobat\u00f3ria<\/strong>, conforme orienta\u00e7\u00f5es do <a href=\"https:\/\/dcd.crp.ufv.br\/ss\/wp-content\/uploads\/Edital-2026.1-Auxilios-e-Servico.pdf\">Edital 2026.1: Aux\u00edlios e Servi\u00e7o<\/a>.<\/li>\r\n<\/ul>\r\n<p>O discente \u00e9 respons\u00e1vel pela veracidade das informa\u00e7\u00f5es prestadas e dos documentos apresentados, conforme o Art. 299 do C\u00f3digo Penal (Decreto-Lei n\u00ba 2.848\/1940 \u2013 Falsidade Ideol\u00f3gica).<\/p>\r\n<p>A an\u00e1lise ser\u00e1 realizada por assistentes sociais do campus de v\u00ednculo do estudante, com base na metodologia institucional de an\u00e1lise socioecon\u00f4mica, considerando o \u00cdndice de Vulnerabilidade Socioecon\u00f4mica e os crit\u00e9rios definidos em edital.<\/p>\r\n<h4 data-start=\"3502\" data-end=\"3557\"><strong>CRONOGRAMA \u2013 <a href=\"https:\/\/dcd.crp.ufv.br\/ss\/wp-content\/uploads\/Edital-2026.1-Auxilios-e-Servico.pdf\">Edital 2026.1: Aux\u00edlios e Servi\u00e7o<\/a><\/strong><\/h4>\r\n<ul data-start=\"3558\" data-end=\"3698\">\r\n<li data-start=\"3558\" data-end=\"3611\"><strong data-start=\"3560\" data-end=\"3585\">Per\u00edodo de inscri\u00e7\u00e3o:<\/strong> 22\/01\/2026 a 19\/06\/2026<\/li>\r\n<li data-start=\"3612\" data-end=\"3698\"><strong data-start=\"3614\" data-end=\"3653\">Endere\u00e7o eletr\u00f4nico para inscri\u00e7\u00e3o:<\/strong><br data-start=\"3653\" data-end=\"3656\" \/><a href=\"https:\/\/docs.google.com\/forms\/d\/e\/1FAIpQLSfXZTL4RHn3APRDqBGKZMsxLWPNqqD4AHc7dgUDcjPjqfTnWQ\/viewform\">https:\/\/docs.google.com\/forms\/d\/e\/1FAIpQLSfXZTL4RHn3APRDqBGKZMsxLWPNqqD4AHc7dgUDcjPjqfTnWQ\/viewform<\/a><\/li>\r\n<\/ul>\r\n<h4 data-start=\"3700\" data-end=\"3731\"><strong>Informa\u00e7\u00f5es importantes<\/strong><\/h4>\r\n<ul data-start=\"3732\" data-end=\"4096\">\r\n<li data-start=\"3732\" data-end=\"3968\">Para solicitar <strong data-start=\"3749\" data-end=\"3768\">Aux\u00edlio-Moradia<\/strong>, <strong data-start=\"3770\" data-end=\"3793\">Aux\u00edlio Alimenta\u00e7\u00e3o<\/strong>, <strong data-start=\"3795\" data-end=\"3818\">Servi\u00e7o Alimenta\u00e7\u00e3o<\/strong>, <strong data-start=\"3820\" data-end=\"3845\">Aux\u00edlio-Parentalidade, BAAP<\/strong>\u00a0e <strong data-start=\"3848\" data-end=\"3871\">Aux\u00edlio Emergencial<\/strong>, \u00e9 obrigat\u00f3rio o preenchimento do Formul\u00e1rio Socioecon\u00f4mico e o envio da documenta\u00e7\u00e3o exigida.<\/li>\r\n<\/ul>\r\n\r\n\r\n\r\n<p class=\"has-medium-font-size\">\u00a0<\/p>\r\n\r\n\r\n\r\n<p class=\"has-medium-font-size\"><br \/><br \/><\/p>\r\n\r\n\r\n\r\n<h4 class=\"wp-block-heading\"><br \/><br \/><\/h4>\r\n","protected":false},"excerpt":{"rendered":"<p>Os Aux\u00edlios e Servi\u00e7o da Assist\u00eancia Estudantil s\u00e3o concedidos pela Universidade Federal de Vi\u00e7osa, por interm\u00e9dio da Pr\u00f3-Reitoria de Assuntos Comunit\u00e1rios, mediante an\u00e1lise socioecon\u00f4mica realizada por assistentes sociais, aos estudantes regularmente matriculados em cursos presenciais de gradua\u00e7\u00e3o. O estudante interessado em concorrer aos benef\u00edcios dever\u00e1: Preencher o Formul\u00e1rio para An\u00e1lise Socioecon\u00f4mica; Anexar a documenta\u00e7\u00e3o comprobat\u00f3ria, [&hellip;]<\/p>\n","protected":false},"author":1,"featured_media":0,"parent":0,"menu_order":0,"comment_status":"closed","ping_status":"closed","template":"","meta":{"h5ap_radio_sources":[],"footnotes":""},"class_list":["post-2602","page","type-page","status-publish","hentry"],"_links":{"self":[{"href":"https:\/\/dcd.crp.ufv.br\/ss\/index.php?rest_route=\/wp\/v2\/pages\/2602","targetHints":{"allow":["GET"]}}],"collection":[{"href":"https:\/\/dcd.crp.ufv.br\/ss\/index.php?rest_route=\/wp\/v2\/pages"}],"about":[{"href":"https:\/\/dcd.crp.ufv.br\/ss\/index.php?rest_route=\/wp\/v2\/types\/page"}],"author":[{"embeddable":true,"href":"https:\/\/dcd.crp.ufv.br\/ss\/index.php?rest_route=\/wp\/v2\/users\/1"}],"replies":[{"embeddable":true,"href":"https:\/\/dcd.crp.ufv.br\/ss\/index.php?rest_route=%2Fwp%2Fv2%2Fcomments&post=2602"}],"version-history":[{"count":108,"href":"https:\/\/dcd.crp.ufv.br\/ss\/index.php?rest_route=\/wp\/v2\/pages\/2602\/revisions"}],"predecessor-version":[{"id":3317,"href":"https:\/\/dcd.crp.ufv.br\/ss\/index.php?rest_route=\/wp\/v2\/pages\/2602\/revisions\/3317"}],"wp:attachment":[{"href":"https:\/\/dcd.crp.ufv.br\/ss\/index.php?rest_route=%2Fwp%2Fv2%2Fmedia&parent=2602"}],"curies":[{"name":"wp","href":"https:\/\/api.w.org\/{rel}","templated":true}]}}