{"id":2604,"date":"2019-12-09T10:21:52","date_gmt":"2019-12-09T13:21:52","guid":{"rendered":"https:\/\/dcd.crp.ufv.br\/ss\/?page_id=2604"},"modified":"2025-01-13T13:14:22","modified_gmt":"2025-01-13T16:14:22","slug":"disponivel03","status":"publish","type":"page","link":"https:\/\/dcd.crp.ufv.br\/ss\/?page_id=2604","title":{"rendered":"Anexos"},"content":{"rendered":"\n<p class=\"has-medium-font-size\"><a href=\"https:\/\/dcd.crp.ufv.br\/ss\/wp-content\/uploads\/Anexo-1-N\u00e3o-possui-Carteira-de-Trabalho-2022.pdf\" target=\"_blank\" rel=\"noreferrer noopener\" aria-label=\" (abre numa nova aba)\">Anexo I &#8211; N\u00e3o possui Carteira de Trabalho<\/a><\/p>\n\n\n\n<p class=\"has-medium-font-size\"><a href=\"https:\/\/dcd.crp.ufv.br\/ss\/wp-content\/uploads\/Anexo-2-N\u00e3o-exerce-atividade-remunerada-2022.pdf\" target=\"_blank\" rel=\"noreferrer noopener\" aria-label=\" (abre numa nova aba)\">Anexo II &#8211; N\u00e3o exerce atividade remunerada <\/a><\/p>\n\n\n\n<p class=\"has-medium-font-size\"><a href=\"https:\/\/dcd.crp.ufv.br\/ss\/wp-content\/uploads\/Anexo-3-Trabalho-Informal-2022.pdf\" target=\"_blank\" rel=\"noreferrer noopener\" aria-label=\" (abre numa nova aba)\">Anexo III &#8211; Trabalho informal<\/a> <\/p>\n\n\n\n<p class=\"has-medium-font-size\"><a href=\"https:\/\/dcd.crp.ufv.br\/ss\/wp-content\/uploads\/Anexo-4-Aposentados-e-Pensionistas-2022.pdf\" target=\"_blank\" rel=\"noreferrer noopener\" aria-label=\" (abre numa nova aba)\">Anexo IV &#8211; N\u00e3o exerce atividade remunerada espec\u00edfica para aposentados e\/ou pensionista <\/a><\/p>\n\n\n\n<p class=\"has-medium-font-size\"><a rel=\"noreferrer noopener\" aria-label=\" (abre numa nova aba)\" href=\"https:\/\/dcd.crp.ufv.br\/ss\/wp-content\/uploads\/Anexo-5-Trabalho-Desempregado-2022.pdf\" target=\"_blank\">Anexo V &#8211; Desempregado<\/a><\/p>\n\n\n\n<p class=\"has-medium-font-size\"><a rel=\"noreferrer noopener\" aria-label=\"Anexo VI- Im\u00f3vel Cedido (abre numa nova aba)\" href=\"https:\/\/dcd.crp.ufv.br\/ss\/wp-content\/uploads\/Anexo-6-Im\u00f3vel-cedido-2021-1.pdf\" target=\"_blank\">Anexo VI &#8211; Im\u00f3vel Cedido<\/a><\/p>\n\n\n\n<p class=\"has-medium-font-size\"><a rel=\"noreferrer noopener\" aria-label=\" (abre numa nova aba)\" href=\"https:\/\/dcd.crp.ufv.br\/ss\/wp-content\/uploads\/Anexo-7-Pens\u00e3o-Alimenticia-2022.pdf\" target=\"_blank\">Anexo VII &#8211; Pens\u00e3o Aliment\u00edcia e\/ou Aux\u00edlio Financeiro <\/a><\/p>\n\n\n\n<p class=\"has-medium-font-size\"><a rel=\"noreferrer noopener\" aria-label=\"Anexo VIII- Uni\u00e3o Est\u00e1vel (abre numa nova aba)\" href=\"https:\/\/dcd.crp.ufv.br\/ss\/wp-content\/uploads\/Abexo-8-Uni\u00e3o-Est\u00e1vel-2022.pdf\" target=\"_blank\">Anexo VIII &#8211; Uni\u00e3o Est\u00e1vel<\/a><\/p>\n\n\n\n<p class=\"has-medium-font-size\"><a rel=\"noreferrer noopener\" aria-label=\" (abre numa nova aba)\" href=\"https:\/\/dcd.crp.ufv.br\/ss\/wp-content\/uploads\/Anexo-9-MEI-2023-1.pdf\" target=\"_blank\">Anexo IX &#8211; Microempreendedor Individual <\/a><\/p>\n\n\n\n<p class=\"has-medium-font-size\"><a rel=\"noreferrer noopener\" aria-label=\"Anexo X - Isen\u00e7\u00e3o Imposto de Renda Pessoa F\u00edsica (abre numa nova aba)\" href=\"https:\/\/dcd.crp.ufv.br\/ss\/wp-content\/uploads\/Anexo-X-Isen\u00e7\u00e3o-IRPF-2023.pdf\" target=\"_blank\">Anexo X &#8211; Isen\u00e7\u00e3o Imposto de Renda Pessoa F\u00edsica<\/a><\/p>\n\n\n\n<p class=\"has-medium-font-size\"><a href=\"https:\/\/dcd.crp.ufv.br\/ss\/wp-content\/uploads\/Declara\u00e7\u00e3o-de-Produtor-Rural.pdf\">Anexo XI- Produtor Rural<\/a><\/p>\n","protected":false},"excerpt":{"rendered":"<p>Anexo I &#8211; N\u00e3o possui Carteira de Trabalho Anexo II &#8211; N\u00e3o exerce atividade remunerada Anexo III &#8211; Trabalho informal Anexo IV &#8211; N\u00e3o exerce atividade remunerada espec\u00edfica para aposentados e\/ou pensionista Anexo V &#8211; Desempregado Anexo VI &#8211; Im\u00f3vel Cedido Anexo VII &#8211; Pens\u00e3o Aliment\u00edcia e\/ou Aux\u00edlio Financeiro Anexo VIII &#8211; Uni\u00e3o Est\u00e1vel Anexo [&hellip;]<\/p>\n","protected":false},"author":1,"featured_media":0,"parent":0,"menu_order":0,"comment_status":"closed","ping_status":"closed","template":"","meta":{"h5ap_radio_sources":[],"footnotes":""},"class_list":["post-2604","page","type-page","status-publish","hentry"],"_links":{"self":[{"href":"https:\/\/dcd.crp.ufv.br\/ss\/index.php?rest_route=\/wp\/v2\/pages\/2604","targetHints":{"allow":["GET"]}}],"collection":[{"href":"https:\/\/dcd.crp.ufv.br\/ss\/index.php?rest_route=\/wp\/v2\/pages"}],"about":[{"href":"https:\/\/dcd.crp.ufv.br\/ss\/index.php?rest_route=\/wp\/v2\/types\/page"}],"author":[{"embeddable":true,"href":"https:\/\/dcd.crp.ufv.br\/ss\/index.php?rest_route=\/wp\/v2\/users\/1"}],"replies":[{"embeddable":true,"href":"https:\/\/dcd.crp.ufv.br\/ss\/index.php?rest_route=%2Fwp%2Fv2%2Fcomments&post=2604"}],"version-history":[{"count":60,"href":"https:\/\/dcd.crp.ufv.br\/ss\/index.php?rest_route=\/wp\/v2\/pages\/2604\/revisions"}],"predecessor-version":[{"id":3313,"href":"https:\/\/dcd.crp.ufv.br\/ss\/index.php?rest_route=\/wp\/v2\/pages\/2604\/revisions\/3313"}],"wp:attachment":[{"href":"https:\/\/dcd.crp.ufv.br\/ss\/index.php?rest_route=%2Fwp%2Fv2%2Fmedia&parent=2604"}],"curies":[{"name":"wp","href":"https:\/\/api.w.org\/{rel}","templated":true}]}}