{"id":2606,"date":"2019-12-09T10:22:01","date_gmt":"2019-12-09T13:22:01","guid":{"rendered":"https:\/\/dcd.crp.ufv.br\/ss\/?page_id=2606"},"modified":"2025-01-13T13:37:57","modified_gmt":"2025-01-13T16:37:57","slug":"disponivel04","status":"publish","type":"page","link":"https:\/\/dcd.crp.ufv.br\/ss\/?page_id=2606","title":{"rendered":"Informa\u00e7\u00f5es Adicionais"},"content":{"rendered":"\n<p class=\"has-medium-font-size\">O Campus UFV \u2013 Rio Parana\u00edba n\u00e3o possui Moradia Estudantil. A acomoda\u00e7\u00e3o dos estudantes que solicitam o Aux\u00edlio-moradia, \u00e9 de inteira responsabilidade dos discentes e de seus familiares. Sendo assim, dever\u00e1 arcar com os custos de perman\u00eancia at\u00e9 que seja conclu\u00eddo o processo de an\u00e1lise socioecon\u00f4mica e demais tr\u00e2mites para a concess\u00e3o.<\/p>\n\n\n\n<p class=\"has-medium-font-size\">A an\u00e1lise socioecon\u00f4mica compreende o estudo da situa\u00e7\u00e3o do discente e do  grupo familiar, a pontua\u00e7\u00e3o, o c\u00e1lculo de pondera\u00e7\u00e3o e o \u00edndice de vulnerabilidade (IV).<br \/>Analisa-se a renda, os bens patrimoniais, a situa\u00e7\u00e3o de trabalho dos membros do grupo familiar, a proced\u00eancia escolar do estudante, dentre outros, conforme as informa\u00e7\u00f5es constantes no formul\u00e1rio de inscri\u00e7\u00e3o online e na documenta\u00e7\u00e3o comprobat\u00f3ria apresentada.<\/p>\n\n\n\n<p class=\"has-medium-font-size\">A metodologia de an\u00e1lise socioecon\u00f4mica desenvolvida pela institui\u00e7\u00e3o est\u00e1 em conson\u00e2ncia com as pol\u00edticas de assist\u00eancia estudantil vigentes no pa\u00eds e tamb\u00e9m com as adotadas em outras institui\u00e7\u00f5es de Ensino Superior e leva em considera\u00e7\u00e3o as  caracter\u00edsticas pr\u00f3prias dos estudantes da UFV. Consiste em importante instrumento para as assistentes sociais analisarem e definirem o perfil de vulnerabilidade socioecon\u00f4mica do discente.<\/p>\n\n\n\n<p class=\"has-medium-font-size\">A agilidade do processo depender\u00e1 do preenchimento do Formul\u00e1rio online e apresenta\u00e7\u00e3o da documenta\u00e7\u00e3o necess\u00e1ria.<\/p>\n\n\n\n<p class=\"has-medium-font-size\">Informa\u00e7\u00f5es incoerentes e documenta\u00e7\u00e3o incompleta s\u00e3o crit\u00e9rios de<strong>\u00a0indeferimento<\/strong>\u00a0do pedido.<\/p>\n\n\n\n<p class=\"has-medium-font-size\">\u00c0s Assistentes Sociais se reserva o direito de solicitar documentos complementares, realizar entrevistas e visitas domiciliares.<\/p>\n","protected":false},"excerpt":{"rendered":"<p>O Campus UFV \u2013 Rio Parana\u00edba n\u00e3o possui Moradia Estudantil. A acomoda\u00e7\u00e3o dos estudantes que solicitam o Aux\u00edlio-moradia, \u00e9 de inteira responsabilidade dos discentes e de seus familiares. Sendo assim, dever\u00e1 arcar com os custos de perman\u00eancia at\u00e9 que seja conclu\u00eddo o processo de an\u00e1lise socioecon\u00f4mica e demais tr\u00e2mites para a concess\u00e3o. A an\u00e1lise socioecon\u00f4mica [&hellip;]<\/p>\n","protected":false},"author":1,"featured_media":0,"parent":0,"menu_order":0,"comment_status":"closed","ping_status":"closed","template":"","meta":{"h5ap_radio_sources":[],"footnotes":""},"class_list":["post-2606","page","type-page","status-publish","hentry"],"_links":{"self":[{"href":"https:\/\/dcd.crp.ufv.br\/ss\/index.php?rest_route=\/wp\/v2\/pages\/2606","targetHints":{"allow":["GET"]}}],"collection":[{"href":"https:\/\/dcd.crp.ufv.br\/ss\/index.php?rest_route=\/wp\/v2\/pages"}],"about":[{"href":"https:\/\/dcd.crp.ufv.br\/ss\/index.php?rest_route=\/wp\/v2\/types\/page"}],"author":[{"embeddable":true,"href":"https:\/\/dcd.crp.ufv.br\/ss\/index.php?rest_route=\/wp\/v2\/users\/1"}],"replies":[{"embeddable":true,"href":"https:\/\/dcd.crp.ufv.br\/ss\/index.php?rest_route=%2Fwp%2Fv2%2Fcomments&post=2606"}],"version-history":[{"count":12,"href":"https:\/\/dcd.crp.ufv.br\/ss\/index.php?rest_route=\/wp\/v2\/pages\/2606\/revisions"}],"predecessor-version":[{"id":3238,"href":"https:\/\/dcd.crp.ufv.br\/ss\/index.php?rest_route=\/wp\/v2\/pages\/2606\/revisions\/3238"}],"wp:attachment":[{"href":"https:\/\/dcd.crp.ufv.br\/ss\/index.php?rest_route=%2Fwp%2Fv2%2Fmedia&parent=2606"}],"curies":[{"name":"wp","href":"https:\/\/api.w.org\/{rel}","templated":true}]}}