{"id":2610,"date":"2019-12-09T10:22:23","date_gmt":"2019-12-09T13:22:23","guid":{"rendered":"https:\/\/dcd.crp.ufv.br\/ss\/?page_id=2610"},"modified":"2025-05-21T10:20:34","modified_gmt":"2025-05-21T13:20:34","slug":"disponivel06","status":"publish","type":"page","link":"https:\/\/dcd.crp.ufv.br\/ss\/?page_id=2610","title":{"rendered":"J\u00e1 sou bolsista"},"content":{"rendered":"\r\n<h2 class=\"wp-block-heading\"><strong>Informa\u00e7\u00f5es sobre o Aux\u00edlio-moradia<\/strong><\/h2>\r\n<p>Para manuten\u00e7\u00e3o do aux\u00edlio-moradia, o estudante dever\u00e1 obrigatoriamente:<\/p>\r\n<ul>\r\n<li>Responder as convoca\u00e7\u00f5es para atualiza\u00e7\u00e3o do termo de compromisso;<\/li>\r\n<li>Fornecer as informa\u00e7\u00f5es necess\u00e1rias para a an\u00e1lise e manuten\u00e7\u00e3o do aux\u00edlio;<\/li>\r\n<li>Atualizar os dados cadastrais sempre que necess\u00e1rio;<\/li>\r\n<li>Comparecer aos atendimentos, atividades e reuni\u00f5es de acompanhamento; e\u00a0<\/li>\r\n<li>Apresentar os documentos atualizados para a realiza\u00e7\u00e3o de rean\u00e1lise socioecon\u00f4mica a cada 2 (dois) anos.\u00a0<\/li>\r\n<\/ul>\r\n<p>O pagamento do aux\u00edlio ser\u00e1 suspenso quando o estudante for convocado, n\u00e3o comparecer e n\u00e3o apresentar justificativa formal. \u00c9 importante ressaltar que neste caso, n\u00e3o haver\u00e1 pagamento retroativo.<\/p>\r\n\r\n\r\n\r\n<p>O Aux\u00edlio-moradia poder\u00e1 ser acumulado com outras modalidades de bolsa acad\u00eamicas, desde que n\u00e3o ultrapasse o valor de um sal\u00e1rio-minimo e meio. O estudante dever\u00e1 comunicar por e-mail a equipe do Servi\u00e7o Social o recebimento de bolsas pagas por programas oficiais de Ensino, Pesquisa e Extens\u00e3o.<\/p>\r\n<p>O discente dever\u00e1 comunicar por e-mail a equipe do Servi\u00e7o Social, as seguintes situa\u00e7\u00f5es:<\/p>\r\n<ul>\r\n<li>Abandono;<\/li>\r\n<li>Afastamento;<\/li>\r\n<li>Altera\u00e7\u00e3o na situa\u00e7\u00e3o socioecon\u00f4mica familiar;<\/li>\r\n<li>Conclus\u00e3o;<\/li>\r\n<li>Desligamento;<\/li>\r\n<li>Interc\u00e2mbio;<\/li>\r\n<li>Mobilidade acad\u00eamica;<\/li>\r\n<li>Mudan\u00e7a de curso; e<\/li>\r\n<li>Trancamento.<\/li>\r\n<\/ul>\r\n<p>O estudante perder\u00e1 direito ao aux\u00edlio, nas seguintes situa\u00e7\u00f5es:<\/p>\r\n<ul>\r\n<li>abandono;<\/li>\r\n<li>afastamento;<\/li>\r\n<li>conclus\u00e3o;<\/li>\r\n<li>desligamento;<\/li>\r\n<li>Apresenta\u00e7\u00e3o de documentos adulterados;<\/li>\r\n<li>Emiss\u00e3o de declara\u00e7\u00f5es falsas;\u00a0<\/li>\r\n<li>Omiss\u00e3o de informa\u00e7\u00f5es; e<\/li>\r\n<li>trancamento, exceto por motivo de sa\u00fade, registrado no Servi\u00e7o de Registro Escolar.<\/li>\r\n<\/ul>\r\n<p>Durante per\u00edodos de trancamento por motivos de sa\u00fade ou licen\u00e7a maternidade, o pagamento ser\u00e1 suspenso. Quando o discente retornar \u00e0s atividades acad\u00eamicas, dever\u00e1 informar a equipe do Servi\u00e7o Social por e-mail para que o aux\u00edlio seja retomado.<\/p>\r\n<p>Se o estudante receber indevidamente o aux\u00edlio-moradia, ser\u00e1 necess\u00e1rio devolver o valor integral aos cofres p\u00fablicos. A universidade ir\u00e1 orientar sobre a\u00a0 forma de realizar esse ressarcimento, e, se necess\u00e1rio, a cobran\u00e7a poder\u00e1 ser feita judicialmente<\/p>\r\n<p>O benef\u00edcio poder\u00e1 ser revogado, quando houver o descumprimento das condi\u00e7\u00f5es aqui estabelecidas ou uso indevido do aux\u00edlio.<\/p>\r\n<p>Em caso de descumprimento das normas que regem o aux\u00edlio o estudante estar\u00e1 sujeito as seguintes san\u00e7\u00f5es:<\/p>\r\n<ul>\r\n<li>Advert\u00eancia por escrito, lan\u00e7ada nos assentamentos do Servi\u00e7o de Registro Escolar;<\/li>\r\n<li>Suspens\u00e3o do pagamento do aux\u00edlio;\u00a0<\/li>\r\n<li>Reembolso completo do valor em caso de recebimento indevido;<\/li>\r\n<li>Exclus\u00e3o do Programa de Assist\u00eancia Estudantil da UFV; e<\/li>\r\n<li>Outras medidas legais cab\u00edveis.<\/li>\r\n<\/ul>\r\n<p>Em todas as situa\u00e7\u00f5es o estudante ser\u00e1 notificado sobre as san\u00e7\u00f5es e\u00a0 ter\u00e1 o direito de se manifestar e apresentar sua defesa de forma ampla.<\/p>\r\n\r\n\r\n\r\n\r\n\r\n\r\n\r\n\r\n\r\n\r\n\r\n<h3 class=\"wp-block-heading\"><strong>Termo de desist\u00eancia do Aux\u00edlio-moradia<\/strong><\/h3>\r\n\r\n\r\n\r\n<p class=\"has-medium-font-size\"><strong><a href=\"https:\/\/dcd.crp.ufv.br\/ss\/wp-content\/uploads\/AM-Termo-de-desistencia-2025.pdf\" target=\"_blank\" rel=\"noreferrer noopener\" aria-label=\" (abre numa nova aba)\">Termo de desist\u00eancia 2025<\/a><\/strong><\/p>\r\n\r\n\r\n\r\n<h3 class=\"wp-block-heading\" id=\"mce_5\"><strong> Relat\u00f3rio mensal de atividades da Bolsa de Aprendizagem e Aprimoramento Profissional (BAAP)<\/strong><\/h3>\r\n\r\n\r\n\r\n<p class=\"has-medium-font-size\"><strong><a href=\"https:\/\/dcd.crp.ufv.br\/ss\/wp-content\/uploads\/Relat\u00f3rio-mensal-BAAP-2025.pdf\" target=\"_blank\" rel=\"noreferrer noopener\" aria-label=\" (abre numa nova aba)\">Relat\u00f3rio Mensal BAAP 2025<\/a><\/strong><\/p>\r\n\r\n\r\n\r\n\r\n\r\n<h3 class=\"wp-block-heading\" id=\"mce_3\"><strong>Termo de desist\u00eancia da Bolsa de Aprendizagem e Aprimoramento Profissional (BAAP)<\/strong><\/h3>\r\n\r\n\r\n\r\n<p class=\"has-medium-font-size\"><strong><a href=\"https:\/\/dcd.crp.ufv.br\/ss\/wp-content\/uploads\/Termo-de-desist\u00eancia-BAAP-2025.pdf\" target=\"_blank\" rel=\"noreferrer noopener\" aria-label=\" (abre numa nova aba)\">Termo de desist\u00eancia BAAP 2025<\/a><\/strong><\/p>\r\n<p>&nbsp;<\/p>\r\n","protected":false},"excerpt":{"rendered":"<p>Informa\u00e7\u00f5es sobre o Aux\u00edlio-moradia Para manuten\u00e7\u00e3o do aux\u00edlio-moradia, o estudante dever\u00e1 obrigatoriamente: Responder as convoca\u00e7\u00f5es para atualiza\u00e7\u00e3o do termo de compromisso; Fornecer as informa\u00e7\u00f5es necess\u00e1rias para a an\u00e1lise e manuten\u00e7\u00e3o do aux\u00edlio; Atualizar os dados cadastrais sempre que necess\u00e1rio; Comparecer aos atendimentos, atividades e reuni\u00f5es de acompanhamento; e\u00a0 Apresentar os documentos atualizados para a realiza\u00e7\u00e3o [&hellip;]<\/p>\n","protected":false},"author":1,"featured_media":0,"parent":0,"menu_order":0,"comment_status":"closed","ping_status":"closed","template":"","meta":{"h5ap_radio_sources":[],"footnotes":""},"class_list":["post-2610","page","type-page","status-publish","hentry"],"_links":{"self":[{"href":"https:\/\/dcd.crp.ufv.br\/ss\/index.php?rest_route=\/wp\/v2\/pages\/2610","targetHints":{"allow":["GET"]}}],"collection":[{"href":"https:\/\/dcd.crp.ufv.br\/ss\/index.php?rest_route=\/wp\/v2\/pages"}],"about":[{"href":"https:\/\/dcd.crp.ufv.br\/ss\/index.php?rest_route=\/wp\/v2\/types\/page"}],"author":[{"embeddable":true,"href":"https:\/\/dcd.crp.ufv.br\/ss\/index.php?rest_route=\/wp\/v2\/users\/1"}],"replies":[{"embeddable":true,"href":"https:\/\/dcd.crp.ufv.br\/ss\/index.php?rest_route=%2Fwp%2Fv2%2Fcomments&post=2610"}],"version-history":[{"count":83,"href":"https:\/\/dcd.crp.ufv.br\/ss\/index.php?rest_route=\/wp\/v2\/pages\/2610\/revisions"}],"predecessor-version":[{"id":3293,"href":"https:\/\/dcd.crp.ufv.br\/ss\/index.php?rest_route=\/wp\/v2\/pages\/2610\/revisions\/3293"}],"wp:attachment":[{"href":"https:\/\/dcd.crp.ufv.br\/ss\/index.php?rest_route=%2Fwp%2Fv2%2Fmedia&parent=2610"}],"curies":[{"name":"wp","href":"https:\/\/api.w.org\/{rel}","templated":true}]}}