{"id":3177,"date":"2025-01-07T10:21:50","date_gmt":"2025-01-07T13:21:50","guid":{"rendered":"https:\/\/dcd.crp.ufv.br\/ss\/?page_id=3177"},"modified":"2026-01-29T12:35:39","modified_gmt":"2026-01-29T15:35:39","slug":"noticias","status":"publish","type":"page","link":"https:\/\/dcd.crp.ufv.br\/ss\/?page_id=3177","title":{"rendered":"Not\u00edcias"},"content":{"rendered":"\r\n<p><a href=\"https:\/\/dcd.crp.ufv.br\/ss\/wp-content\/uploads\/Resultado-unificado-AS2024.pdf\" target=\"_blank\" rel=\"noreferrer noopener\" aria-label=\"Divulga\u00e7\u00e3o do resultado geral das avalia\u00e7\u00f5es socioecon\u00f4micas realizadas em 2024 para concess\u00e3o de aux\u00edlios e servi\u00e7os disponibilizados pela Assist\u00eancia Estudantil. (abre numa nova aba)\">Divulga\u00e7\u00e3o do resultado geral das avalia\u00e7\u00f5es socioecon\u00f4micas realizadas em 2024 para concess\u00e3o de aux\u00edlios e servi\u00e7os disponibilizados pela Assist\u00eancia Estudantil.<\/a><br \/><br \/><\/p>","protected":false},"excerpt":{"rendered":"<p>Divulga\u00e7\u00e3o do resultado geral das avalia\u00e7\u00f5es socioecon\u00f4micas realizadas em 2024 para concess\u00e3o de aux\u00edlios e servi\u00e7os disponibilizados pela Assist\u00eancia Estudantil.<\/p>\n","protected":false},"author":5,"featured_media":0,"parent":0,"menu_order":0,"comment_status":"closed","ping_status":"closed","template":"","meta":{"h5ap_radio_sources":[],"footnotes":""},"class_list":["post-3177","page","type-page","status-publish","hentry"],"_links":{"self":[{"href":"https:\/\/dcd.crp.ufv.br\/ss\/index.php?rest_route=\/wp\/v2\/pages\/3177","targetHints":{"allow":["GET"]}}],"collection":[{"href":"https:\/\/dcd.crp.ufv.br\/ss\/index.php?rest_route=\/wp\/v2\/pages"}],"about":[{"href":"https:\/\/dcd.crp.ufv.br\/ss\/index.php?rest_route=\/wp\/v2\/types\/page"}],"author":[{"embeddable":true,"href":"https:\/\/dcd.crp.ufv.br\/ss\/index.php?rest_route=\/wp\/v2\/users\/5"}],"replies":[{"embeddable":true,"href":"https:\/\/dcd.crp.ufv.br\/ss\/index.php?rest_route=%2Fwp%2Fv2%2Fcomments&post=3177"}],"version-history":[{"count":16,"href":"https:\/\/dcd.crp.ufv.br\/ss\/index.php?rest_route=\/wp\/v2\/pages\/3177\/revisions"}],"predecessor-version":[{"id":3314,"href":"https:\/\/dcd.crp.ufv.br\/ss\/index.php?rest_route=\/wp\/v2\/pages\/3177\/revisions\/3314"}],"wp:attachment":[{"href":"https:\/\/dcd.crp.ufv.br\/ss\/index.php?rest_route=%2Fwp%2Fv2%2Fmedia&parent=3177"}],"curies":[{"name":"wp","href":"https:\/\/api.w.org\/{rel}","templated":true}]}}